{"id":7,"date":"2025-01-02T14:01:42","date_gmt":"2025-01-02T14:01:42","guid":{"rendered":"https:\/\/laixehohanam.io.vn\/?page_id=7"},"modified":"2026-02-02T09:32:52","modified_gmt":"2026-02-02T02:32:52","slug":"trang-chu","status":"publish","type":"page","link":"https:\/\/laixehohanam.io.vn\/","title":{"rendered":"Trang ch\u1ee7"},"content":{"rendered":"<div class=\"slider-wrapper relative\" id=\"slider-1343436716\" >\n    <div class=\"slider slider-nav-circle slider-nav-large slider-nav-light slider-style-normal\"\n        data-flickity-options='{\n            \"cellAlign\": \"center\",\n            \"imagesLoaded\": true,\n            \"lazyLoad\": 1,\n            \"freeScroll\": false,\n            \"wrapAround\": true,\n            \"autoPlay\": 6000,\n            \"pauseAutoPlayOnHover\" : true,\n            \"prevNextButtons\": true,\n            \"contain\" : true,\n            \"adaptiveHeight\" : true,\n            \"dragThreshold\" : 10,\n            \"percentPosition\": true,\n            \"pageDots\": true,\n            \"rightToLeft\": false,\n            \"draggable\": true,\n            \"selectedAttraction\": 0.1,\n            \"parallax\" : 0,\n            \"friction\": 0.6        }'\n        >\n        \n\t<div class=\"img has-hover x md-x lg-x y md-y lg-y\" id=\"image_1422478573\">\n\t\t\t\t\t\t\t\t<div class=\"img-inner dark\" >\n\t\t\t<img loading=\"lazy\" decoding=\"async\" width=\"1536\" height=\"1024\" src=\"https:\/\/laixehohanam.io.vn\/wp-content\/uploads\/2026\/02\/ChatGPT-Image-09_20_39-2-thg-2-2026.png\" class=\"attachment-original size-original\" alt=\"\" srcset=\"https:\/\/laixehohanam.io.vn\/wp-content\/uploads\/2026\/02\/ChatGPT-Image-09_20_39-2-thg-2-2026.png 1536w, https:\/\/laixehohanam.io.vn\/wp-content\/uploads\/2026\/02\/ChatGPT-Image-09_20_39-2-thg-2-2026-300x200.png 300w, https:\/\/laixehohanam.io.vn\/wp-content\/uploads\/2026\/02\/ChatGPT-Image-09_20_39-2-thg-2-2026-1024x683.png 1024w, https:\/\/laixehohanam.io.vn\/wp-content\/uploads\/2026\/02\/ChatGPT-Image-09_20_39-2-thg-2-2026-768x512.png 768w\" sizes=\"auto, (max-width: 1536px) 100vw, 1536px\" \/>\t\t\t\t\t\t\n\t\t\t\t\t<\/div>\n\t\t\t\t\t\t\t\t\n<style>\n#image_1422478573 {\n  width: 100%;\n}\n<\/style>\n\t<\/div>\n\t\n     <\/div>\n\n     <div class=\"loading-spin dark large centered\"><\/div>\n\n\t<\/div>\n\n\n<div class=\"row\"  id=\"row-1429802917\">\n\n\t<div id=\"col-852731700\" class=\"col small-12 large-12\"  >\n\t\t\t\t<div class=\"col-inner text-center\"  >\n\t\t\t\n\t\t\t\n<div class=\"container section-title-container\" ><h1 class=\"section-title section-title-center\"><b><\/b><span class=\"section-title-main\" style=\"color:#226ed3;\">D\u1ecaCH V\u1ee4 L\u00c1I XE H\u1ed8 H\u00c0 NAM<\/span><b><\/b><\/h1><\/div>\n<a href=\"tel:0911175751\" class=\"button primary box-shadow-3 box-shadow-5-hover lowercase\"  style=\"border-radius:10px;\">\n\t<i class=\"icon-phone\" aria-hidden=\"true\" ><\/i>\t<span>Hotline<\/span>\n\t<\/a>\n\n\t\t<\/div>\n\t\t\t\t\t<\/div>\n\n\t\n<\/div>\n<h2 data-start=\"133\" data-end=\"174\">\ud83d\ude97 B\u1ea2NG GI\u00c1 D\u1ecaCH V\u1ee4 L\u00c1I XE H\u1ed8 H\u00c0 NAM<\/h2>\n<p data-start=\"175\" data-end=\"223\"><strong data-start=\"175\" data-end=\"223\">An to\u00e0n \u2013 Nhanh ch\u00f3ng \u2013 Uy t\u00edn \u2013 Gi\u00e1 r\u00f5 r\u00e0ng<\/strong><\/p>\n<h3 data-start=\"225\" data-end=\"260\">\ud83d\udd39 D\u1ecbch v\u1ee5 l\u00e1i xe h\u1ed9 t\u1ea1i H\u00e0 Nam<\/h3>\n<p data-start=\"261\" data-end=\"341\">\u00c1p d\u1ee5ng cho kh\u00e1ch \u0111\u00e3 s\u1eed d\u1ee5ng r\u01b0\u1ee3u bia, m\u1ec7t m\u1ecfi, c\u1ea7n ng\u01b0\u1eddi l\u00e1i xe an to\u00e0n v\u1ec1 nh\u00e0.<\/p>\n<h3 data-start=\"343\" data-end=\"393\">\ud83d\udccc 1. B\u1ea3ng gi\u00e1 l\u00e1i xe h\u1ed9 trong n\u1ed9i t\u1ec9nh H\u00e0 Nam<\/h3>\n<div class=\"TyagGW_tableContainer\">\n<div class=\"group TyagGW_tableWrapper flex flex-col-reverse w-fit\" tabindex=\"-1\">\n<table class=\"w-fit min-w-(--thread-content-width)\" data-start=\"395\" data-end=\"586\">\n<thead data-start=\"395\" data-end=\"426\">\n<tr data-start=\"395\" data-end=\"426\">\n<th data-start=\"395\" data-end=\"409\" data-col-size=\"sm\">Qu\u00e3ng \u0111\u01b0\u1eddng<\/th>\n<th data-start=\"409\" data-end=\"426\" data-col-size=\"sm\">Gi\u00e1 tham kh\u1ea3o<\/th>\n<\/tr>\n<\/thead>\n<tbody data-start=\"458\" data-end=\"586\">\n<tr data-start=\"458\" data-end=\"489\">\n<td data-start=\"458\" data-end=\"470\" data-col-size=\"sm\">D\u01b0\u1edbi 5 km<\/td>\n<td data-col-size=\"sm\" data-start=\"470\" data-end=\"489\">T\u1eeb <strong data-start=\"475\" data-end=\"487\">150.000\u0111<\/strong><\/td>\n<\/tr>\n<tr data-start=\"490\" data-end=\"521\">\n<td data-start=\"490\" data-end=\"502\" data-col-size=\"sm\">5 \u2013 10 km<\/td>\n<td data-col-size=\"sm\" data-start=\"502\" data-end=\"521\">T\u1eeb <strong data-start=\"507\" data-end=\"519\">200.000\u0111<\/strong><\/td>\n<\/tr>\n<tr data-start=\"522\" data-end=\"554\">\n<td data-start=\"522\" data-end=\"535\" data-col-size=\"sm\">10 \u2013 20 km<\/td>\n<td data-col-size=\"sm\" data-start=\"535\" data-end=\"554\">T\u1eeb <strong data-start=\"540\" data-end=\"552\">250.000\u0111<\/strong><\/td>\n<\/tr>\n<tr data-start=\"555\" data-end=\"586\">\n<td data-start=\"555\" data-end=\"568\" data-col-size=\"sm\">Tr\u00ean 20 km<\/td>\n<td data-col-size=\"sm\" data-start=\"568\" data-end=\"586\"><strong data-start=\"570\" data-end=\"584\">Tho\u1ea3 thu\u1eadn<\/strong><\/td>\n<\/tr>\n<\/tbody>\n<\/table>\n<\/div>\n<\/div>\n<hr data-start=\"588\" data-end=\"591\" \/>\n<h3 data-start=\"593\" data-end=\"637\">\ud83d\udccc 2. B\u1ea3ng gi\u00e1 l\u00e1i xe h\u1ed9 H\u00e0 Nam \u2013 H\u00e0 N\u1ed9i<\/h3>\n<div class=\"TyagGW_tableContainer\">\n<div class=\"group TyagGW_tableWrapper flex flex-col-reverse w-fit\" tabindex=\"-1\">\n<table class=\"w-fit min-w-(--thread-content-width)\" data-start=\"639\" data-end=\"777\">\n<thead data-start=\"639\" data-end=\"670\">\n<tr data-start=\"639\" data-end=\"670\">\n<th data-start=\"639\" data-end=\"653\" data-col-size=\"sm\">Tuy\u1ebfn \u0111\u01b0\u1eddng<\/th>\n<th data-start=\"653\" data-end=\"670\" data-col-size=\"sm\">Gi\u00e1 tham kh\u1ea3o<\/th>\n<\/tr>\n<\/thead>\n<tbody data-start=\"702\" data-end=\"777\">\n<tr data-start=\"702\" data-end=\"739\">\n<td data-start=\"702\" data-end=\"720\" data-col-size=\"sm\">H\u00e0 Nam \u2192 H\u00e0 N\u1ed9i<\/td>\n<td data-col-size=\"sm\" data-start=\"720\" data-end=\"739\">T\u1eeb <strong data-start=\"725\" data-end=\"737\">600.000\u0111<\/strong><\/td>\n<\/tr>\n<tr data-start=\"740\" data-end=\"777\">\n<td data-start=\"740\" data-end=\"758\" data-col-size=\"sm\">H\u00e0 N\u1ed9i \u2192 H\u00e0 Nam<\/td>\n<td data-col-size=\"sm\" data-start=\"758\" data-end=\"777\">T\u1eeb <strong data-start=\"763\" data-end=\"775\">600.000\u0111<\/strong><\/td>\n<\/tr>\n<\/tbody>\n<\/table>\n<\/div>\n<\/div>\n<hr data-start=\"779\" data-end=\"782\" \/>\n<h3 data-start=\"784\" data-end=\"823\">\ud83d\udccc 3. L\u00e1i xe h\u1ed9 \u0111i t\u1ec9nh \u2013 \u0111\u01b0\u1eddng d\u00e0i<\/h3>\n<div class=\"TyagGW_tableContainer\">\n<div class=\"group TyagGW_tableWrapper flex flex-col-reverse w-fit\" tabindex=\"-1\">\n<table class=\"w-fit min-w-(--thread-content-width)\" data-start=\"825\" data-end=\"982\">\n<thead data-start=\"825\" data-end=\"842\">\n<tr data-start=\"825\" data-end=\"842\">\n<th data-start=\"825\" data-end=\"835\" data-col-size=\"sm\">D\u1ecbch v\u1ee5<\/th>\n<th data-start=\"835\" data-end=\"842\" data-col-size=\"sm\">Gi\u00e1<\/th>\n<\/tr>\n<\/thead>\n<tbody data-start=\"859\" data-end=\"982\">\n<tr data-start=\"859\" data-end=\"907\">\n<td data-start=\"859\" data-end=\"877\" data-col-size=\"sm\">\u0110i t\u1ec9nh 1 chi\u1ec1u<\/td>\n<td data-col-size=\"sm\" data-start=\"877\" data-end=\"907\">T\u1eeb <strong data-start=\"882\" data-end=\"905\">12.000 \u2013 15.000\u0111\/km<\/strong><\/td>\n<\/tr>\n<tr data-start=\"908\" data-end=\"944\">\n<td data-start=\"908\" data-end=\"926\" data-col-size=\"sm\">\u0110i t\u1ec9nh 2 chi\u1ec1u<\/td>\n<td data-col-size=\"sm\" data-start=\"926\" data-end=\"944\"><strong data-start=\"928\" data-end=\"942\">Tho\u1ea3 thu\u1eadn<\/strong><\/td>\n<\/tr>\n<tr data-start=\"945\" data-end=\"982\">\n<td data-start=\"945\" data-end=\"960\" data-col-size=\"sm\">Ch\u1edd theo gi\u1edd<\/td>\n<td data-col-size=\"sm\" data-start=\"960\" data-end=\"982\">T\u1eeb <strong data-start=\"965\" data-end=\"980\">60.000\u0111\/gi\u1edd<\/strong><\/td>\n<\/tr>\n<\/tbody>\n<\/table>\n<\/div>\n<\/div>\n<hr data-start=\"984\" data-end=\"987\" \/>\n<h3 data-start=\"989\" data-end=\"1008\">\u26a0\ufe0f L\u01b0u \u00fd v\u1ec1 gi\u00e1<\/h3>\n<ul data-start=\"1009\" data-end=\"1172\">\n<li data-start=\"1009\" data-end=\"1074\">\n<p data-start=\"1011\" data-end=\"1074\">Gi\u00e1 c\u00f3 th\u1ec3 thay \u0111\u1ed5i v\u00e0o <strong data-start=\"1035\" data-end=\"1074\">ban \u0111\u00eam, l\u1ec5 t\u1ebft, khung gi\u1edd cao \u0111i\u1ec3m<\/strong><\/p>\n<\/li>\n<li data-start=\"1075\" data-end=\"1112\">\n<p data-start=\"1077\" data-end=\"1112\">Cam k\u1ebft <strong data-start=\"1085\" data-end=\"1112\">kh\u00f4ng ph\u00e1t sinh chi ph\u00ed<\/strong><\/p>\n<\/li>\n<li data-start=\"1113\" data-end=\"1172\">\n<p data-start=\"1115\" data-end=\"1172\">T\u00e0i x\u1ebf kinh nghi\u1ec7m, l\u1ecbch s\u1ef1, b\u1ea3o m\u1eadt th\u00f4ng tin kh\u00e1ch h\u00e0ng<\/p>\n<\/li>\n<\/ul>\n<hr data-start=\"1174\" data-end=\"1177\" \/>\n<h2 data-start=\"1179\" data-end=\"1225\">\u2705 V\u00ec sao n\u00ean ch\u1ecdn d\u1ecbch v\u1ee5 l\u00e1i xe h\u1ed9 H\u00e0 Nam?<\/h2>\n<p data-start=\"1226\" data-end=\"1379\">\u2714 An to\u00e0n tuy\u1ec7t \u0111\u1ed1i khi \u0111\u00e3 u\u1ed1ng r\u01b0\u1ee3u bia<br data-start=\"1266\" data-end=\"1269\" \/>\u2714 C\u00f3 m\u1eb7t nhanh 10\u201315 ph\u00fat<br data-start=\"1294\" data-end=\"1297\" \/>\u2714 Nh\u1eadn l\u00e1i <strong data-start=\"1308\" data-end=\"1340\">\u00f4 t\u00f4 4 ch\u1ed7 \u2013 7 ch\u1ed7 \u2013 b\u00e1n t\u1ea3i<\/strong><br data-start=\"1340\" data-end=\"1343\" \/>\u2714 Ph\u1ee5c v\u1ee5 <strong data-start=\"1353\" data-end=\"1379\">24\/7 \u2013 k\u1ec3 c\u1ea3 \u0111\u00eam khuya<\/strong><\/p>\n<hr data-start=\"1381\" data-end=\"1384\" \/>\n<h2 data-start=\"1386\" data-end=\"1426\">\u260e\ufe0f HOTLINE D\u1ecaCH V\u1ee4 L\u00c1I XE H\u1ed8 H\u00c0 NAM<\/h2>\n<p data-start=\"1427\" data-end=\"1491\">\ud83d\udcde <strong data-start=\"1430\" data-end=\"1446\">0911 175 751<\/strong><br data-start=\"1446\" data-end=\"1449\" \/>\ud83d\udc49 G\u1ecdi ngay \u2013 c\u00f3 t\u00e0i x\u1ebf li\u1ec1n \u2013 gi\u00e1 r\u00f5 r\u00e0ng<\/p>\n<div class=\"container section-title-container\" ><h3 class=\"section-title section-title-center\"><b><\/b><span class=\"section-title-main\" >d\u1ecbch v\u1ee5 c\u1ee7a ch\u00fang t\u00f4i<\/span><b><\/b><\/h3><\/div>\n<h1 data-start=\"566\" data-end=\"628\">\ud83d\ude97 L\u00e1i Xe H\u1ed9 H\u00e0 Nam \u2013 D\u1ecbch V\u1ee5 L\u00e1i Xe H\u1ed9 An To\u00e0n, Gi\u00e1 R\u1ebb 24\/7<\/h1>\n<h2 data-start=\"630\" data-end=\"668\">Gi\u1edbi thi\u1ec7u d\u1ecbch v\u1ee5 l\u00e1i xe h\u1ed9 H\u00e0 Nam<\/h2>\n<p data-start=\"669\" data-end=\"912\"><strong data-start=\"669\" data-end=\"689\">L\u00e1i xe h\u1ed9 H\u00e0 Nam<\/strong> l\u00e0 gi\u1ea3i ph\u00e1p an to\u00e0n d\u00e0nh cho kh\u00e1ch h\u00e0ng \u0111\u00e3 s\u1eed d\u1ee5ng r\u01b0\u1ee3u bia, m\u1ec7t m\u1ecfi ho\u1eb7c kh\u00f4ng \u0111\u1ee7 \u0111i\u1ec1u ki\u1ec7n t\u1ef1 l\u00e1i xe. Ch\u00fang t\u00f4i cung c\u1ea5p <strong data-start=\"814\" data-end=\"849\">d\u1ecbch v\u1ee5 l\u00e1i xe h\u1ed9 chuy\u00ean nghi\u1ec7p<\/strong>, gi\u00fap b\u1ea1n v\u00e0 chi\u1ebfc xe v\u1ec1 nh\u00e0 an to\u00e0n, \u0111\u00fang gi\u1edd, \u0111\u00fang \u0111\u1ecba \u0111i\u1ec3m.<\/p>\n<p data-start=\"914\" data-end=\"1058\">V\u1edbi nhi\u1ec1u n\u0103m kinh nghi\u1ec7m trong l\u0129nh v\u1ef1c <strong data-start=\"955\" data-end=\"973\">thu\u00ea l\u00e1i xe h\u1ed9<\/strong>, \u0111\u1ed9i ng\u0169 t\u00e0i x\u1ebf c\u1ee7a ch\u00fang t\u00f4i cam k\u1ebft ph\u1ee5c v\u1ee5 t\u1eadn t\u00e2m, l\u1ecbch s\u1ef1 v\u00e0 tuy\u1ec7t \u0111\u1ed1i an to\u00e0n.<\/p>\n<hr data-start=\"1060\" data-end=\"1063\" \/>\n<h2 data-start=\"1065\" data-end=\"1095\">Khi n\u00e0o n\u00ean thu\u00ea l\u00e1i xe h\u1ed9?<\/h2>\n<p data-start=\"1096\" data-end=\"1145\">B\u1ea1n n\u00ean s\u1eed d\u1ee5ng <strong data-start=\"1112\" data-end=\"1140\">d\u1ecbch v\u1ee5 l\u00e1i xe h\u1ed9 H\u00e0 Nam<\/strong> khi:<\/p>\n<ul data-start=\"1146\" data-end=\"1327\">\n<li data-start=\"1146\" data-end=\"1190\">\n<p data-start=\"1148\" data-end=\"1190\">\u0110\u00e3 u\u1ed1ng <strong data-start=\"1156\" data-end=\"1190\">r\u01b0\u1ee3u bia, li\u00ean hoan, ti\u1ec7c t\u00f9ng<\/strong><\/p>\n<\/li>\n<li data-start=\"1191\" data-end=\"1228\">\n<p data-start=\"1193\" data-end=\"1228\">\u0110i \u0111\u01b0\u1eddng d\u00e0i, <strong data-start=\"1207\" data-end=\"1228\">m\u1ec7t m\u1ecfi, bu\u1ed3n ng\u1ee7<\/strong><\/p>\n<\/li>\n<li data-start=\"1229\" data-end=\"1271\">\n<p data-start=\"1231\" data-end=\"1271\">Kh\u00f4ng quen \u0111\u01b0\u1eddng ho\u1eb7c c\u1ea7n ng\u01b0\u1eddi l\u00e1i thay<\/p>\n<\/li>\n<li data-start=\"1272\" data-end=\"1327\">\n<p data-start=\"1274\" data-end=\"1327\">C\u1ea7n l\u00e1i xe v\u1ec1 nh\u00e0 sau <strong data-start=\"1296\" data-end=\"1327\">s\u1ef1 ki\u1ec7n, c\u01b0\u1edbi h\u1ecfi, h\u1ed9i ngh\u1ecb<\/strong><\/p>\n<\/li>\n<\/ul>\n<p data-start=\"1329\" data-end=\"1402\">\ud83d\udc49 <strong data-start=\"1332\" data-end=\"1350\">Thu\u00ea l\u00e1i xe h\u1ed9<\/strong> l\u00e0 l\u1ef1a ch\u1ecdn v\u0103n minh, an to\u00e0n v\u00e0 ti\u1ebft ki\u1ec7m chi ph\u00ed.<\/p>\n<hr data-start=\"1404\" data-end=\"1407\" \/>\n<h2 data-start=\"1409\" data-end=\"1447\">D\u1ecbch v\u1ee5 l\u00e1i xe h\u1ed9 ph\u1ee5c v\u1ee5 nh\u1eefng g\u00ec?<\/h2>\n<p data-start=\"1448\" data-end=\"1463\">Ch\u00fang t\u00f4i nh\u1eadn:<\/p>\n<ul data-start=\"1464\" data-end=\"1647\">\n<li data-start=\"1464\" data-end=\"1507\">\n<p data-start=\"1466\" data-end=\"1507\">\ud83d\ude98 L\u00e1i xe h\u1ed9 <strong data-start=\"1479\" data-end=\"1507\">\u00f4 t\u00f4 4 ch\u1ed7, 5 ch\u1ed7, 7 ch\u1ed7<\/strong><\/p>\n<\/li>\n<li data-start=\"1508\" data-end=\"1543\">\n<p data-start=\"1510\" data-end=\"1543\">\ud83c\udfd9\ufe0f L\u00e1i xe h\u1ed9 <strong data-start=\"1524\" data-end=\"1543\">n\u1ed9i t\u1ec9nh H\u00e0 Nam<\/strong><\/p>\n<\/li>\n<li data-start=\"1544\" data-end=\"1590\">\n<p data-start=\"1546\" data-end=\"1590\">\ud83d\udee3\ufe0f L\u00e1i xe h\u1ed9 <strong data-start=\"1560\" data-end=\"1590\">H\u00e0 Nam \u2013 H\u00e0 N\u1ed9i \u2013 c\u00e1c t\u1ec9nh<\/strong><\/p>\n<\/li>\n<li data-start=\"1591\" data-end=\"1647\">\n<p data-start=\"1593\" data-end=\"1647\">\u23f1\ufe0f Thu\u00ea l\u00e1i xe h\u1ed9 theo <strong data-start=\"1616\" data-end=\"1647\">gi\u1edd \u2013 theo chuy\u1ebfn \u2013 \u0111i t\u1ec9nh<\/strong><\/p>\n<\/li>\n<\/ul>\n<hr data-start=\"1649\" data-end=\"1652\" \/>\n<h2 data-start=\"1654\" data-end=\"1701\">L\u00e1i xe h\u1ed9 gi\u00e1 r\u1ebb H\u00e0 Nam \u2013 B\u1ea3ng gi\u00e1 tham kh\u1ea3o<\/h2>\n<p data-start=\"1702\" data-end=\"1764\">Ch\u00fang t\u00f4i cung c\u1ea5p <strong data-start=\"1721\" data-end=\"1748\">l\u00e1i xe h\u1ed9 gi\u00e1 r\u1ebb H\u00e0 Nam<\/strong>, gi\u00e1 minh b\u1ea1ch:<\/p>\n<ul data-start=\"1766\" data-end=\"1918\">\n<li data-start=\"1766\" data-end=\"1800\">\n<p data-start=\"1768\" data-end=\"1800\">N\u1ed9i t\u1ec9nh H\u00e0 Nam: t\u1eeb <strong data-start=\"1788\" data-end=\"1800\">150k-250k<\/strong><\/p>\n<\/li>\n<li data-start=\"1801\" data-end=\"1835\">\n<p data-start=\"1803\" data-end=\"1835\">H\u00e0 Nam \u2013 H\u00e0 N\u1ed9i: t\u1eeb <strong data-start=\"1823\" data-end=\"1835\">600k-700k<\/strong><\/p>\n<\/li>\n<li data-start=\"1836\" data-end=\"1883\">\n<p data-start=\"1838\" data-end=\"1883\">\u0110i t\u1ec9nh \u0111\u01b0\u1eddng d\u00e0i: t\u1eeb <strong data-start=\"1860\" data-end=\"1883\">12.000 \u2013 15.000\u0111\/km<\/strong><\/p>\n<\/li>\n<li data-start=\"1884\" data-end=\"1918\">\n<p data-start=\"1886\" data-end=\"1918\">Ch\u1edd theo gi\u1edd: t\u1eeb <strong data-start=\"1903\" data-end=\"1918\">60.000\u0111\/gi\u1edd<\/strong><\/p>\n<\/li>\n<\/ul>\n<p data-start=\"1920\" data-end=\"1997\">\ud83d\udca1 <em data-start=\"1923\" data-end=\"1997\">Gi\u00e1 c\u00f3 th\u1ec3 thay \u0111\u1ed5i theo khung gi\u1edd \u0111\u00eam, l\u1ec5 t\u1ebft ho\u1eb7c qu\u00e3ng \u0111\u01b0\u1eddng th\u1ef1c t\u1ebf.<\/em><\/p>\n<hr data-start=\"1999\" data-end=\"2002\" \/>\n<h2 data-start=\"2004\" data-end=\"2062\">V\u00ec sao n\u00ean ch\u1ecdn d\u1ecbch v\u1ee5 l\u00e1i xe h\u1ed9 H\u00e0 Nam c\u1ee7a ch\u00fang t\u00f4i?<\/h2>\n<p data-start=\"2063\" data-end=\"2255\">\u2714 T\u00e0i x\u1ebf kinh nghi\u1ec7m, th\u00f4ng th\u1ea1o \u0111\u01b0\u1eddng<br data-start=\"2101\" data-end=\"2104\" \/>\u2714 C\u00f3 m\u1eb7t nhanh ch\u1ec9 <strong data-start=\"2123\" data-end=\"2137\">10\u201315 ph\u00fat<\/strong><br data-start=\"2137\" data-end=\"2140\" \/>\u2714 Ph\u1ee5c v\u1ee5 <strong data-start=\"2150\" data-end=\"2158\">24\/7<\/strong>, k\u1ec3 c\u1ea3 ban \u0111\u00eam<br data-start=\"2173\" data-end=\"2176\" \/>\u2714 Gi\u00e1 r\u1ebb \u2013 kh\u00f4ng ph\u00e1t sinh chi ph\u00ed<br data-start=\"2210\" data-end=\"2213\" \/>\u2714 B\u1ea3o m\u1eadt tuy\u1ec7t \u0111\u1ed1i th\u00f4ng tin kh\u00e1ch h\u00e0ng<\/p>\n<p data-start=\"2257\" data-end=\"2339\">Ch\u00fang t\u00f4i cam k\u1ebft mang \u0111\u1ebfn <strong data-start=\"2284\" data-end=\"2338\">d\u1ecbch v\u1ee5 l\u00e1i xe h\u1ed9 an to\u00e0n \u2013 uy t\u00edn \u2013 chuy\u00ean nghi\u1ec7p<\/strong>.<\/p>\n<hr data-start=\"2341\" data-end=\"2344\" \/>\n<h2 data-start=\"2346\" data-end=\"2383\">Quy tr\u00ecnh thu\u00ea l\u00e1i xe h\u1ed9 nhanh g\u1ecdn<\/h2>\n<p data-start=\"2384\" data-end=\"2508\">1\ufe0f\u20e3 G\u1ecdi hotline \u0111\u1eb7t d\u1ecbch v\u1ee5<br data-start=\"2411\" data-end=\"2414\" \/>2\ufe0f\u20e3 Cung c\u1ea5p \u0111\u1ecba \u0111i\u1ec3m &amp; qu\u00e3ng \u0111\u01b0\u1eddng<br data-start=\"2449\" data-end=\"2452\" \/>3\ufe0f\u20e3 T\u00e0i x\u1ebf \u0111\u1ebfn nh\u1eadn xe<br data-start=\"2474\" data-end=\"2477\" \/>4\ufe0f\u20e3 L\u00e1i xe an to\u00e0n v\u1ec1 t\u1eadn n\u01a1i<\/p>\n<hr data-start=\"2510\" data-end=\"2513\" \/>\n<h2 data-start=\"2515\" data-end=\"2545\">\u260e\ufe0f Li\u00ean h\u1ec7 l\u00e1i xe h\u1ed9 H\u00e0 Nam<\/h2>\n<p data-start=\"2546\" data-end=\"2618\">\ud83d\udcde <strong data-start=\"2549\" data-end=\"2574\">Hotline: 0911 175 751<\/strong><br data-start=\"2574\" data-end=\"2577\" \/>\u23f0 Nh\u1eadn l\u00e1i xe h\u1ed9 <strong data-start=\"2594\" data-end=\"2618\">24\/7 \u2013 m\u1ecdi th\u1eddi \u0111i\u1ec3m<\/strong><\/p>\n<blockquote data-start=\"2620\" data-end=\"2705\">\n<p data-start=\"2622\" data-end=\"2705\"><strong data-start=\"2622\" data-end=\"2642\">L\u00e1i xe h\u1ed9 H\u00e0 Nam<\/strong> \u2013 Gi\u1ea3i ph\u00e1p an to\u00e0n sau r\u01b0\u1ee3u bia, y\u00ean t\u00e2m tr\u00ean m\u1ecdi h\u00e0nh tr\u00ecnh.<\/p>\n<\/blockquote>\n","protected":false},"excerpt":{"rendered":"<p>\ud83d\ude97 B\u1ea2NG GI\u00c1 D\u1ecaCH V\u1ee4 L\u00c1I XE H\u1ed8 H\u00c0 NAM An to\u00e0n \u2013 Nhanh ch\u00f3ng \u2013 Uy t\u00edn \u2013 Gi\u00e1 r\u00f5 r\u00e0ng \ud83d\udd39 D\u1ecbch v\u1ee5 l\u00e1i xe h\u1ed9 t\u1ea1i H\u00e0 Nam \u00c1p d\u1ee5ng cho kh\u00e1ch \u0111\u00e3 s\u1eed d\u1ee5ng r\u01b0\u1ee3u bia, m\u1ec7t m\u1ecfi, c\u1ea7n ng\u01b0\u1eddi l\u00e1i xe an to\u00e0n v\u1ec1 nh\u00e0. \ud83d\udccc 1. B\u1ea3ng gi\u00e1 l\u00e1i [&#8230;]\n","protected":false},"author":1,"featured_media":170,"parent":0,"menu_order":0,"comment_status":"closed","ping_status":"closed","template":"page-blank.php","meta":{"footnotes":""},"class_list":["post-7","page","type-page","status-publish","has-post-thumbnail","hentry"],"_links":{"self":[{"href":"https:\/\/laixehohanam.io.vn\/index.php\/wp-json\/wp\/v2\/pages\/7","targetHints":{"allow":["GET"]}}],"collection":[{"href":"https:\/\/laixehohanam.io.vn\/index.php\/wp-json\/wp\/v2\/pages"}],"about":[{"href":"https:\/\/laixehohanam.io.vn\/index.php\/wp-json\/wp\/v2\/types\/page"}],"author":[{"embeddable":true,"href":"https:\/\/laixehohanam.io.vn\/index.php\/wp-json\/wp\/v2\/users\/1"}],"replies":[{"embeddable":true,"href":"https:\/\/laixehohanam.io.vn\/index.php\/wp-json\/wp\/v2\/comments?post=7"}],"version-history":[{"count":48,"href":"https:\/\/laixehohanam.io.vn\/index.php\/wp-json\/wp\/v2\/pages\/7\/revisions"}],"predecessor-version":[{"id":203,"href":"https:\/\/laixehohanam.io.vn\/index.php\/wp-json\/wp\/v2\/pages\/7\/revisions\/203"}],"wp:featuredmedia":[{"embeddable":true,"href":"https:\/\/laixehohanam.io.vn\/index.php\/wp-json\/wp\/v2\/media\/170"}],"wp:attachment":[{"href":"https:\/\/laixehohanam.io.vn\/index.php\/wp-json\/wp\/v2\/media?parent=7"}],"curies":[{"name":"wp","href":"https:\/\/api.w.org\/{rel}","templated":true}]}}